{"id":10546,"date":"2025-06-06T11:45:25","date_gmt":"2025-06-06T09:45:25","guid":{"rendered":"https:\/\/epi.webstudio.nl\/forschung-und-entwicklung\/"},"modified":"2025-10-07T09:12:48","modified_gmt":"2025-10-07T07:12:48","slug":"forschung-und-entwicklung","status":"publish","type":"page","link":"https:\/\/staging.epifloors.com\/de\/forschung-und-entwicklung\/","title":{"rendered":"Forschung und Entwicklung"},"content":{"rendered":"\t\t<div data-elementor-type=\"wp-page\" data-elementor-id=\"10546\" class=\"elementor elementor-10546 elementor-9645\" data-elementor-post-type=\"page\">\n\t\t\t\t<div class=\"elementor-element elementor-element-224ac7a e-con-full e-flex e-con e-parent\" data-id=\"224ac7a\" data-element_type=\"container\" data-e-type=\"container\" data-settings=\"{&quot;jet_parallax_layout_list&quot;:[]}\">\n\t\t\t\t<div class=\"elementor-element elementor-element-f31d96e elementor-widget elementor-widget-template\" data-id=\"f31d96e\" data-element_type=\"widget\" data-e-type=\"widget\" data-widget_type=\"template.default\">\n\t\t\t\t<div class=\"elementor-widget-container\">\n\t\t\t\t\t\t\t<div class=\"elementor-template\">\n\t\t\t\t\t<div data-elementor-type=\"container\" data-elementor-id=\"12405\" class=\"elementor elementor-12405\" data-elementor-post-type=\"elementor_library\">\n\t\t\t\t<div class=\"elementor-element elementor-element-3abaade0 e-con-full e-flex e-con e-parent\" data-id=\"3abaade0\" data-element_type=\"container\" data-e-type=\"container\" id=\"algemeen-id\" data-settings=\"{&quot;background_background&quot;:&quot;classic&quot;,&quot;jet_parallax_layout_list&quot;:[]}\">\n\t\t<div class=\"elementor-element elementor-element-3a655029 e-flex e-con-boxed e-con e-child\" data-id=\"3a655029\" data-element_type=\"container\" data-e-type=\"container\" data-settings=\"{&quot;jet_parallax_layout_list&quot;:[]}\">\n\t\t\t\t\t<div class=\"e-con-inner\">\n\t\t\t\t<div class=\"elementor-element elementor-element-271189 elementor-widget__width-inherit no-line elementor-widget elementor-widget-heading\" data-id=\"271189\" data-element_type=\"widget\" data-e-type=\"widget\" data-widget_type=\"heading.default\">\n\t\t\t\t<div class=\"elementor-widget-container\">\n\t\t\t\t\t<h1 class=\"elementor-heading-title elementor-size-default\">Research and development<\/h1>\t\t\t\t<\/div>\n\t\t\t\t<\/div>\n\t\t\t\t\t<\/div>\n\t\t\t\t<\/div>\n\t\t\t\t<\/div>\n\t\t\t\t<\/div>\n\t\t\t\t<\/div>\n\t\t\t\t\t\t<\/div>\n\t\t\t\t<\/div>\n\t\t\t\t<\/div>\n\t\t<div class=\"elementor-element elementor-element-102cc50 e-flex e-con-boxed e-con e-parent\" data-id=\"102cc50\" data-element_type=\"container\" data-e-type=\"container\" data-settings=\"{&quot;jet_parallax_layout_list&quot;:[]}\">\n\t\t\t\t\t<div class=\"e-con-inner\">\n\t\t\t\t<div class=\"elementor-element elementor-element-6d4cb4e elementor-widget-tablet__width-initial elementor-widget__width-initial elementor-widget elementor-widget-image\" data-id=\"6d4cb4e\" data-element_type=\"widget\" data-e-type=\"widget\" data-widget_type=\"image.default\">\n\t\t\t\t<div class=\"elementor-widget-container\">\n\t\t\t\t\t\t\t\t\t\t\t\t\t\t\t<img decoding=\"async\" width=\"1024\" height=\"826\" src=\"https:\/\/staging.epifloors.com\/wp-content\/uploads\/2025\/05\/EPI-RD.jpg\" class=\"attachment-full size-full wp-image-8257\" alt=\"EPI R&amp;D Laboratorium\" srcset=\"https:\/\/staging.epifloors.com\/wp-content\/uploads\/2025\/05\/EPI-RD.jpg 1024w, https:\/\/staging.epifloors.com\/wp-content\/uploads\/2025\/05\/EPI-RD-300x242.jpg 300w, https:\/\/staging.epifloors.com\/wp-content\/uploads\/2025\/05\/EPI-RD-768x620.jpg 768w\" sizes=\"(max-width: 1024px) 100vw, 1024px\" title=\"\">\t\t\t\t\t\t\t\t\t\t\t\t\t\t\t<\/div>\n\t\t\t\t<\/div>\n\t\t<div class=\"elementor-element elementor-element-678d4c3 e-con-full e-flex e-con e-child\" data-id=\"678d4c3\" data-element_type=\"container\" data-e-type=\"container\" data-settings=\"{&quot;jet_parallax_layout_list&quot;:[],&quot;background_background&quot;:&quot;classic&quot;}\">\n\t\t\t\t<div class=\"elementor-element elementor-element-f508fdf elementor-widget__width-inherit elementor-widget elementor-widget-heading\" data-id=\"f508fdf\" data-element_type=\"widget\" data-e-type=\"widget\" data-widget_type=\"heading.default\">\n\t\t\t\t<div class=\"elementor-widget-container\">\n\t\t\t\t\t<h2 class=\"elementor-heading-title elementor-size-default\">Mehr als 30 Jahre Spezialisierung\n<\/h2>\t\t\t\t<\/div>\n\t\t\t\t<\/div>\n\t\t\t\t<div class=\"elementor-element elementor-element-3fc5895 elementor-widget__width-inherit elementor-widget elementor-widget-text-editor\" data-id=\"3fc5895\" data-element_type=\"widget\" data-e-type=\"widget\" data-widget_type=\"text-editor.default\">\n\t\t\t\t<div class=\"elementor-widget-container\">\n\t\t\t\t\t\t\t\t\tEPI ist seit mehr als drei Jahrzehnten ein Spezialist f\u00fcr Gussb\u00f6den aus Kunststoff. Das sind wir nicht, weil wir der Zeit hinterherhinken. Wir sind es, weil wir den Markt st\u00e4ndig beobachten, weil wir wissen, was unsere Kunden wollen und weil wir tagt\u00e4glich erforschen, was technisch m\u00f6glich ist. Stillstand ist R\u00fcckschritt und das m\u00f6gen wir bei EPI nicht. Deshalb investieren wir Zeit, Kapazit\u00e4t und Geld in unsere Abteilungen f\u00fcr Forschung und Entwicklung sowie Qualit\u00e4t und Kontrolle.    \t\t\t\t\t\t\t\t<\/div>\n\t\t\t\t<\/div>\n\t\t\t\t<div class=\"elementor-element elementor-element-eb77624 elementor-widget__width-inherit elementor-widget elementor-widget-heading\" data-id=\"eb77624\" data-element_type=\"widget\" data-e-type=\"widget\" data-widget_type=\"heading.default\">\n\t\t\t\t<div class=\"elementor-widget-container\">\n\t\t\t\t\t<h2 class=\"elementor-heading-title elementor-size-default\">Erstklassige Qualit\u00e4t\n<\/h2>\t\t\t\t<\/div>\n\t\t\t\t<\/div>\n\t\t\t\t<div class=\"elementor-element elementor-element-30a9f1c elementor-widget__width-inherit elementor-widget elementor-widget-text-editor\" data-id=\"30a9f1c\" data-element_type=\"widget\" data-e-type=\"widget\" data-widget_type=\"text-editor.default\">\n\t\t\t\t<div class=\"elementor-widget-container\">\n\t\t\t\t\t\t\t\t\tBei EPI liefern wir Qualit\u00e4t. Das ist wichtig f\u00fcr unsere Kunden, und es ist ebenso wichtig f\u00fcr uns. Als Hersteller \u00fcberwachen wir den gesamten Produktionsprozess unserer B\u00f6den Schritt f\u00fcr Schritt genau. So k\u00f6nnen wir bei allem, was wir entwickeln und liefern, die h\u00f6chstm\u00f6gliche Produktqualit\u00e4t garantieren.   \t\t\t\t\t\t\t\t<\/div>\n\t\t\t\t<\/div>\n\t\t\t\t<\/div>\n\t\t\t\t\t<\/div>\n\t\t\t\t<\/div>\n\t\t<div class=\"elementor-element elementor-element-8e6e33a e-flex e-con-boxed e-con e-parent\" data-id=\"8e6e33a\" data-element_type=\"container\" data-e-type=\"container\" data-settings=\"{&quot;jet_parallax_layout_list&quot;:[]}\">\n\t\t\t\t\t<div class=\"e-con-inner\">\n\t\t\t\t<div class=\"elementor-element elementor-element-3ec25bb elementor-widget-tablet__width-initial elementor-widget__width-initial elementor-widget elementor-widget-image\" data-id=\"3ec25bb\" data-element_type=\"widget\" data-e-type=\"widget\" data-widget_type=\"image.default\">\n\t\t\t\t<div class=\"elementor-widget-container\">\n\t\t\t\t\t\t\t\t\t\t\t\t\t\t\t<img decoding=\"async\" width=\"1500\" height=\"1000\" src=\"https:\/\/staging.epifloors.com\/wp-content\/uploads\/2025\/06\/EPI-RD-meetapparatuur.jpg\" class=\"attachment-full size-full wp-image-9657\" alt=\"EPI R&amp;D Messger\u00e4te\" srcset=\"https:\/\/staging.epifloors.com\/wp-content\/uploads\/2025\/06\/EPI-RD-meetapparatuur.jpg 1500w, https:\/\/staging.epifloors.com\/wp-content\/uploads\/2025\/06\/EPI-RD-meetapparatuur-300x200.jpg 300w, https:\/\/staging.epifloors.com\/wp-content\/uploads\/2025\/06\/EPI-RD-meetapparatuur-1024x683.jpg 1024w, https:\/\/staging.epifloors.com\/wp-content\/uploads\/2025\/06\/EPI-RD-meetapparatuur-768x512.jpg 768w\" sizes=\"(max-width: 1500px) 100vw, 1500px\" title=\"\">\t\t\t\t\t\t\t\t\t\t\t\t\t\t\t<\/div>\n\t\t\t\t<\/div>\n\t\t<div class=\"elementor-element elementor-element-106fdf4 e-con-full e-flex e-con e-child\" data-id=\"106fdf4\" data-element_type=\"container\" data-e-type=\"container\" data-settings=\"{&quot;jet_parallax_layout_list&quot;:[],&quot;background_background&quot;:&quot;classic&quot;}\">\n\t\t\t\t<div class=\"elementor-element elementor-element-ff9eada elementor-widget__width-inherit elementor-widget elementor-widget-heading\" data-id=\"ff9eada\" data-element_type=\"widget\" data-e-type=\"widget\" data-widget_type=\"heading.default\">\n\t\t\t\t<div class=\"elementor-widget-container\">\n\t\t\t\t\t<h2 class=\"elementor-heading-title elementor-size-default\">Kontinuierliche Innovation\n<\/h2>\t\t\t\t<\/div>\n\t\t\t\t<\/div>\n\t\t\t\t<div class=\"elementor-element elementor-element-b25008b elementor-widget__width-inherit elementor-widget elementor-widget-text-editor\" data-id=\"b25008b\" data-element_type=\"widget\" data-e-type=\"widget\" data-widget_type=\"text-editor.default\">\n\t\t\t\t<div class=\"elementor-widget-container\">\n\t\t\t\t\t\t\t\t\t<p>In der Welt der Kunststoffestriche tut sich viel. Neue Technologien, neue Produktionsmethoden, neue Rohstoffe, neue Gesetze und Vorschriften. Bei EPI sind wir auf dem Laufenden. Wir \u00fcberlassen nichts dem Zufall. Wenn wir wissen, dass etwas besser gemacht werden kann, sorgen wir daf\u00fcr, dass wir es besser machen.    <\/p><p> <\/p>\t\t\t\t\t\t\t\t<\/div>\n\t\t\t\t<\/div>\n\t\t\t\t<div class=\"elementor-element elementor-element-0e01473 elementor-widget__width-inherit elementor-widget elementor-widget-heading\" data-id=\"0e01473\" data-element_type=\"widget\" data-e-type=\"widget\" data-widget_type=\"heading.default\">\n\t\t\t\t<div class=\"elementor-widget-container\">\n\t\t\t\t\t<h2 class=\"elementor-heading-title elementor-size-default\">Kontinuierliche Investition\n<\/h2>\t\t\t\t<\/div>\n\t\t\t\t<\/div>\n\t\t\t\t<div class=\"elementor-element elementor-element-0dca153 elementor-widget__width-inherit elementor-widget elementor-widget-text-editor\" data-id=\"0dca153\" data-element_type=\"widget\" data-e-type=\"widget\" data-widget_type=\"text-editor.default\">\n\t\t\t\t<div class=\"elementor-widget-container\">\n\t\t\t\t\t\t\t\t\tWeil Forschung &amp; Entwicklung sowie Qualit\u00e4t &amp; Kontrolle in unserem Unternehmen so wichtig sind, haben wir in den letzten Jahren kontinuierlich in diese Abteilungen investiert. Sowohl Forschung &amp; Entwicklung als auch Qualit\u00e4t &amp; Kontrolle verf\u00fcgen \u00fcber ein hochmodernes Labor von \u00fcber 250 m2. Hier arbeiten unsere f\u00fcnf Spezialisten mit modernsten Entwicklungs- und Analyseger\u00e4ten, damit wir unseren Kunden jeden Tag die Qualit\u00e4t liefern k\u00f6nnen, die sie von uns erwarten.  \n\n\t\t\t\t\t\t\t\t<\/div>\n\t\t\t\t<\/div>\n\t\t\t\t<\/div>\n\t\t\t\t\t<\/div>\n\t\t\t\t<\/div>\n\t\t<div class=\"elementor-element elementor-element-d197b9b e-flex e-con-boxed e-con e-parent\" data-id=\"d197b9b\" data-element_type=\"container\" data-e-type=\"container\" data-settings=\"{&quot;jet_parallax_layout_list&quot;:[]}\">\n\t\t\t\t\t<div class=\"e-con-inner\">\n\t\t\t\t<div class=\"elementor-element elementor-element-915f1ff elementor-widget-tablet__width-initial elementor-widget__width-initial elementor-widget elementor-widget-image\" data-id=\"915f1ff\" data-element_type=\"widget\" data-e-type=\"widget\" data-widget_type=\"image.default\">\n\t\t\t\t<div class=\"elementor-widget-container\">\n\t\t\t\t\t\t\t\t\t\t\t\t\t\t\t<img decoding=\"async\" width=\"980\" height=\"688\" src=\"https:\/\/staging.epifloors.com\/wp-content\/uploads\/2025\/05\/EPI-RD-verf.jpg\" class=\"attachment-full size-full wp-image-8262\" alt=\"EPI R&amp;D verf\" srcset=\"https:\/\/staging.epifloors.com\/wp-content\/uploads\/2025\/05\/EPI-RD-verf.jpg 980w, https:\/\/staging.epifloors.com\/wp-content\/uploads\/2025\/05\/EPI-RD-verf-300x211.jpg 300w, https:\/\/staging.epifloors.com\/wp-content\/uploads\/2025\/05\/EPI-RD-verf-768x539.jpg 768w\" sizes=\"(max-width: 980px) 100vw, 980px\" title=\"\">\t\t\t\t\t\t\t\t\t\t\t\t\t\t\t<\/div>\n\t\t\t\t<\/div>\n\t\t<div class=\"elementor-element elementor-element-25c402c e-con-full e-flex e-con e-child\" data-id=\"25c402c\" data-element_type=\"container\" data-e-type=\"container\" data-settings=\"{&quot;jet_parallax_layout_list&quot;:[],&quot;background_background&quot;:&quot;classic&quot;}\">\n\t\t\t\t<div class=\"elementor-element elementor-element-03dc0b6 elementor-widget__width-inherit elementor-widget elementor-widget-heading\" data-id=\"03dc0b6\" data-element_type=\"widget\" data-e-type=\"widget\" data-widget_type=\"heading.default\">\n\t\t\t\t<div class=\"elementor-widget-container\">\n\t\t\t\t\t<h2 class=\"elementor-heading-title elementor-size-default\">Vom Standpunkt des Applikators aus betrachtet\n<\/h2>\t\t\t\t<\/div>\n\t\t\t\t<\/div>\n\t\t\t\t<div class=\"elementor-element elementor-element-a667b90 elementor-widget__width-inherit elementor-widget elementor-widget-text-editor\" data-id=\"a667b90\" data-element_type=\"widget\" data-e-type=\"widget\" data-widget_type=\"text-editor.default\">\n\t\t\t\t<div class=\"elementor-widget-container\">\n\t\t\t\t\t\t\t\t\tDie Fachleute, die unsere B\u00f6den verarbeiten, sind f\u00fcr uns mindestens genauso wichtig wie der Endkunde. Deshalb versetzen sich unsere Forscher in die Lage des Verlegers und versuchen, sich der Realit\u00e4t so weit wie m\u00f6glich anzun\u00e4hern, um die Produkte und ihre Eigenschaften so zu entwickeln, dass sie tats\u00e4chlich der t\u00e4glichen Praxis entsprechen. Wenn ein Applikator in der Praxis dennoch auf Probleme st\u00f6\u00dft, gehen unsere Spezialisten vor Ort und suchen gemeinsam mit dem Applikator nach einer L\u00f6sung.  \n\n\t\t\t\t\t\t\t\t<\/div>\n\t\t\t\t<\/div>\n\t\t\t\t<\/div>\n\t\t\t\t\t<\/div>\n\t\t\t\t<\/div>\n\t\t\t\t<\/div>\n\t\t","protected":false},"excerpt":{"rendered":"<p>Mehr als 30 Jahre Spezialisierung EPI ist seit mehr als drei Jahrzehnten ein Spezialist f\u00fcr Gussb\u00f6den aus Kunststoff. Das sind wir nicht, weil wir der Zeit hinterherhinken. Wir sind es, weil wir den Markt st\u00e4ndig beobachten, weil wir wissen, was unsere Kunden wollen und weil wir tagt\u00e4glich erforschen, was technisch m\u00f6glich ist. Stillstand ist R\u00fcckschritt [&hellip;]<\/p>\n","protected":false},"author":1,"featured_media":9209,"parent":0,"menu_order":0,"comment_status":"closed","ping_status":"closed","template":"","meta":{"footnotes":""},"kleur-category":[],"vloer-category":[],"class_list":["post-10546","page","type-page","status-publish","has-post-thumbnail","hentry"],"_links":{"self":[{"href":"https:\/\/staging.epifloors.com\/de\/wp-json\/wp\/v2\/pages\/10546","targetHints":{"allow":["GET"]}}],"collection":[{"href":"https:\/\/staging.epifloors.com\/de\/wp-json\/wp\/v2\/pages"}],"about":[{"href":"https:\/\/staging.epifloors.com\/de\/wp-json\/wp\/v2\/types\/page"}],"author":[{"embeddable":true,"href":"https:\/\/staging.epifloors.com\/de\/wp-json\/wp\/v2\/users\/1"}],"replies":[{"embeddable":true,"href":"https:\/\/staging.epifloors.com\/de\/wp-json\/wp\/v2\/comments?post=10546"}],"version-history":[{"count":16,"href":"https:\/\/staging.epifloors.com\/de\/wp-json\/wp\/v2\/pages\/10546\/revisions"}],"predecessor-version":[{"id":13396,"href":"https:\/\/staging.epifloors.com\/de\/wp-json\/wp\/v2\/pages\/10546\/revisions\/13396"}],"wp:featuredmedia":[{"embeddable":true,"href":"https:\/\/staging.epifloors.com\/de\/wp-json\/wp\/v2\/media\/9209"}],"wp:attachment":[{"href":"https:\/\/staging.epifloors.com\/de\/wp-json\/wp\/v2\/media?parent=10546"}],"wp:term":[{"taxonomy":"kleur-category","embeddable":true,"href":"https:\/\/staging.epifloors.com\/de\/wp-json\/wp\/v2\/kleur-category?post=10546"},{"taxonomy":"vloer-category","embeddable":true,"href":"https:\/\/staging.epifloors.com\/de\/wp-json\/wp\/v2\/vloer-category?post=10546"}],"curies":[{"name":"wp","href":"https:\/\/api.w.org\/{rel}","templated":true}]}}