{"id":7780,"date":"2025-05-13T08:38:26","date_gmt":"2025-05-13T06:38:26","guid":{"rendered":"https:\/\/epi.webstudio.nl\/ueber-uns\/warum-epi\/"},"modified":"2025-10-07T09:21:21","modified_gmt":"2025-10-07T07:21:21","slug":"warum-epi","status":"publish","type":"page","link":"https:\/\/staging.epifloors.com\/de\/warum-epi\/","title":{"rendered":"Warum EPI?"},"content":{"rendered":"\t\t<div data-elementor-type=\"wp-page\" data-elementor-id=\"7780\" class=\"elementor elementor-7780 elementor-7767\" data-elementor-post-type=\"page\">\n\t\t\t\t<div class=\"elementor-element elementor-element-c9c6954 e-con-full e-flex e-con e-parent\" data-id=\"c9c6954\" data-element_type=\"container\" data-e-type=\"container\" data-settings=\"{&quot;jet_parallax_layout_list&quot;:[]}\">\n\t\t\t\t<div class=\"elementor-element elementor-element-3bc57c8 elementor-widget elementor-widget-template\" data-id=\"3bc57c8\" data-element_type=\"widget\" data-e-type=\"widget\" data-widget_type=\"template.default\">\n\t\t\t\t<div class=\"elementor-widget-container\">\n\t\t\t\t\t\t\t<div class=\"elementor-template\">\n\t\t\t\t\t<div data-elementor-type=\"container\" data-elementor-id=\"12475\" class=\"elementor elementor-12475\" data-elementor-post-type=\"elementor_library\">\n\t\t\t\t<div class=\"elementor-element elementor-element-24eb3482 e-con-full e-flex e-con e-parent\" data-id=\"24eb3482\" data-element_type=\"container\" data-e-type=\"container\" id=\"algemeen-id\" data-settings=\"{&quot;background_background&quot;:&quot;classic&quot;,&quot;jet_parallax_layout_list&quot;:[]}\">\n\t\t<div class=\"elementor-element elementor-element-585a1336 e-flex e-con-boxed e-con e-child\" data-id=\"585a1336\" data-element_type=\"container\" data-e-type=\"container\" data-settings=\"{&quot;jet_parallax_layout_list&quot;:[]}\">\n\t\t\t\t\t<div class=\"e-con-inner\">\n\t\t\t\t<div class=\"elementor-element elementor-element-3f7d28ea elementor-widget__width-inherit no-line elementor-widget elementor-widget-heading\" data-id=\"3f7d28ea\" data-element_type=\"widget\" data-e-type=\"widget\" data-widget_type=\"heading.default\">\n\t\t\t\t<div class=\"elementor-widget-container\">\n\t\t\t\t\t<h1 class=\"elementor-heading-title elementor-size-default\">Warum EPI?<\/h1>\t\t\t\t<\/div>\n\t\t\t\t<\/div>\n\t\t\t\t<div class=\"elementor-element elementor-element-76442105 no-line elementor-widget elementor-widget-heading\" data-id=\"76442105\" data-element_type=\"widget\" data-e-type=\"widget\" data-widget_type=\"heading.default\">\n\t\t\t\t<div class=\"elementor-widget-container\">\n\t\t\t\t\t<div class=\"elementor-heading-title elementor-size-default\">EPI ist der perfekte Partner, wenn Sie auf der Suche nach einem erstklassigen Kunststoffbodensystem oder einer zuverl\u00e4ssigen Beschichtung sind.<\/div>\t\t\t\t<\/div>\n\t\t\t\t<\/div>\n\t\t\t\t\t<\/div>\n\t\t\t\t<\/div>\n\t\t\t\t<\/div>\n\t\t\t\t<\/div>\n\t\t\t\t<\/div>\n\t\t\t\t\t\t<\/div>\n\t\t\t\t<\/div>\n\t\t\t\t<\/div>\n\t\t<div class=\"elementor-element elementor-element-b83d2ea e-flex e-con-boxed e-con e-parent\" data-id=\"b83d2ea\" data-element_type=\"container\" data-e-type=\"container\" data-settings=\"{&quot;jet_parallax_layout_list&quot;:[]}\">\n\t\t\t\t\t<div class=\"e-con-inner\">\n\t\t\t\t<div class=\"elementor-element elementor-element-eef12f2 elementor-widget__width-initial elementor-widget-tablet__width-initial elementor-widget elementor-widget-image\" data-id=\"eef12f2\" data-element_type=\"widget\" data-e-type=\"widget\" data-widget_type=\"image.default\">\n\t\t\t\t<div class=\"elementor-widget-container\">\n\t\t\t\t\t\t\t\t\t\t\t\t\t\t\t<img decoding=\"async\" width=\"980\" height=\"654\" src=\"https:\/\/staging.epifloors.com\/wp-content\/uploads\/2025\/05\/epi-waarom-epi.jpg\" class=\"attachment-full size-full wp-image-8252\" alt=\"EPI magazijn\" srcset=\"https:\/\/staging.epifloors.com\/wp-content\/uploads\/2025\/05\/epi-waarom-epi.jpg 980w, https:\/\/staging.epifloors.com\/wp-content\/uploads\/2025\/05\/epi-waarom-epi-300x200.jpg 300w, https:\/\/staging.epifloors.com\/wp-content\/uploads\/2025\/05\/epi-waarom-epi-768x513.jpg 768w\" sizes=\"(max-width: 980px) 100vw, 980px\" title=\"\">\t\t\t\t\t\t\t\t\t\t\t\t\t\t\t<\/div>\n\t\t\t\t<\/div>\n\t\t<div class=\"elementor-element elementor-element-0f132ab e-con-full e-flex e-con e-child\" data-id=\"0f132ab\" data-element_type=\"container\" data-e-type=\"container\" data-settings=\"{&quot;jet_parallax_layout_list&quot;:[],&quot;background_background&quot;:&quot;classic&quot;}\">\n\t\t\t\t<div class=\"elementor-element elementor-element-f26b342 elementor-widget__width-inherit elementor-widget elementor-widget-heading\" data-id=\"f26b342\" data-element_type=\"widget\" data-e-type=\"widget\" data-widget_type=\"heading.default\">\n\t\t\t\t<div class=\"elementor-widget-container\">\n\t\t\t\t\t<h2 class=\"elementor-heading-title elementor-size-default\">EPI ist unabh\u00e4ngig, stabil und kundenorientiert\n<\/h2>\t\t\t\t<\/div>\n\t\t\t\t<\/div>\n\t\t\t\t<div class=\"elementor-element elementor-element-a23dc2b elementor-widget__width-inherit elementor-widget elementor-widget-text-editor\" data-id=\"a23dc2b\" data-element_type=\"widget\" data-e-type=\"widget\" data-widget_type=\"text-editor.default\">\n\t\t\t\t<div class=\"elementor-widget-container\">\n\t\t\t\t\t\t\t\t\tEPI ist ein unabh\u00e4ngiges niederl\u00e4ndisches Familienunternehmen und wir sind stolz darauf, bei allen Entscheidungen frei zu sein. Seit mehr als 30 Jahren arbeiten wir mit Herz und Seele an der Entwicklung und Gestaltung erstklassiger synthetischer Gussb\u00f6den. Diese Leidenschaft f\u00fchrt immer wieder zu sensationellen Produkten und sensationellen Projekten.  \n\n\t\t\t\t\t\t\t\t<\/div>\n\t\t\t\t<\/div>\n\t\t\t\t<div class=\"elementor-element elementor-element-88e323b elementor-widget__width-inherit elementor-widget elementor-widget-heading\" data-id=\"88e323b\" data-element_type=\"widget\" data-e-type=\"widget\" data-widget_type=\"heading.default\">\n\t\t\t\t<div class=\"elementor-widget-container\">\n\t\t\t\t\t<h2 class=\"elementor-heading-title elementor-size-default\">Wir sind ein umfassender Hersteller und Lieferant<\/h2>\t\t\t\t<\/div>\n\t\t\t\t<\/div>\n\t\t\t\t<div class=\"elementor-element elementor-element-a41c1f1 elementor-widget__width-inherit elementor-widget elementor-widget-text-editor\" data-id=\"a41c1f1\" data-element_type=\"widget\" data-e-type=\"widget\" data-widget_type=\"text-editor.default\">\n\t\t\t\t<div class=\"elementor-widget-container\">\n\t\t\t\t\t\t\t\t\tSie k\u00f6nnen sich f\u00fcr praktisch jede denkbare Kombination aus Anwendung und Produkt an uns wenden. Wir produzieren und liefern Designb\u00f6den, Sportb\u00f6den, Br\u00fccken- und Parkdecks sowie Industrieb\u00f6den. Fast alle unsere B\u00f6den sind in allen Farben erh\u00e4ltlich, so dass wir Ihnen grenzenlose Gestaltungsm\u00f6glichkeiten bieten. Wenn Sie auf der Suche nach einem zertifizierten Verleger sind, stellen wir gerne den Kontakt zu einem unserer Verwandten her.   \t\t\t\t\t\t\t\t<\/div>\n\t\t\t\t<\/div>\n\t\t\t\t<\/div>\n\t\t\t\t\t<\/div>\n\t\t\t\t<\/div>\n\t\t<div class=\"elementor-element elementor-element-daf660e e-flex e-con-boxed e-con e-parent\" data-id=\"daf660e\" data-element_type=\"container\" data-e-type=\"container\" data-settings=\"{&quot;jet_parallax_layout_list&quot;:[]}\">\n\t\t\t\t\t<div class=\"e-con-inner\">\n\t\t\t\t<div class=\"elementor-element elementor-element-eeedc78 elementor-widget__width-initial elementor-widget elementor-widget-image\" data-id=\"eeedc78\" data-element_type=\"widget\" data-e-type=\"widget\" data-widget_type=\"image.default\">\n\t\t\t\t<div class=\"elementor-widget-container\">\n\t\t\t\t\t\t\t\t\t\t\t\t\t\t\t<img decoding=\"async\" width=\"1024\" height=\"826\" src=\"https:\/\/staging.epifloors.com\/wp-content\/uploads\/2025\/05\/EPI-RD.jpg\" class=\"attachment-full size-full wp-image-8257\" alt=\"EPI R&amp;D Laboratorium\" srcset=\"https:\/\/staging.epifloors.com\/wp-content\/uploads\/2025\/05\/EPI-RD.jpg 1024w, https:\/\/staging.epifloors.com\/wp-content\/uploads\/2025\/05\/EPI-RD-300x242.jpg 300w, https:\/\/staging.epifloors.com\/wp-content\/uploads\/2025\/05\/EPI-RD-768x620.jpg 768w\" sizes=\"(max-width: 1024px) 100vw, 1024px\" title=\"\">\t\t\t\t\t\t\t\t\t\t\t\t\t\t\t<\/div>\n\t\t\t\t<\/div>\n\t\t<div class=\"elementor-element elementor-element-bf29df1 e-con-full e-flex e-con e-child\" data-id=\"bf29df1\" data-element_type=\"container\" data-e-type=\"container\" data-settings=\"{&quot;jet_parallax_layout_list&quot;:[]}\">\n\t\t\t\t<div class=\"elementor-element elementor-element-7348f64 elementor-widget__width-inherit elementor-widget elementor-widget-heading\" data-id=\"7348f64\" data-element_type=\"widget\" data-e-type=\"widget\" data-widget_type=\"heading.default\">\n\t\t\t\t<div class=\"elementor-widget-container\">\n\t\t\t\t\t<h2 class=\"elementor-heading-title elementor-size-default\">Nur das Beste ist gut genug\n<\/h2>\t\t\t\t<\/div>\n\t\t\t\t<\/div>\n\t\t\t\t<div class=\"elementor-element elementor-element-db1f6a2 elementor-widget__width-inherit elementor-widget elementor-widget-text-editor\" data-id=\"db1f6a2\" data-element_type=\"widget\" data-e-type=\"widget\" data-widget_type=\"text-editor.default\">\n\t\t\t\t<div class=\"elementor-widget-container\">\n\t\t\t\t\t\t\t\t\tWir halten den gesamten Prozess unter strenger Kontrolle. Wir w\u00e4hlen die besten Rohstoffe aus und unterziehen alle Materialien, die in unser Haus gelangen, einer strengen Eingangskontrolle. Auch danach behalten wir den Finger am Puls der Zeit. Das ist m\u00f6glich, weil wir ein Hersteller, Lieferant und H\u00e4ndler sind. Da wir den gesamten Prozess kontrollieren, k\u00f6nnen wir die Produktqualit\u00e4t jederzeit garantieren. So k\u00f6nnen sich unsere Kunden auf p\u00fcnktliche und zuverl\u00e4ssige Lieferungen verlassen.     \n\n\t\t\t\t\t\t\t\t<\/div>\n\t\t\t\t<\/div>\n\t\t\t\t<div class=\"elementor-element elementor-element-4da59bc elementor-widget__width-inherit elementor-widget elementor-widget-heading\" data-id=\"4da59bc\" data-element_type=\"widget\" data-e-type=\"widget\" data-widget_type=\"heading.default\">\n\t\t\t\t<div class=\"elementor-widget-container\">\n\t\t\t\t\t<h2 class=\"elementor-heading-title elementor-size-default\">Forschung und Innovation an vorderster Front\n<\/h2>\t\t\t\t<\/div>\n\t\t\t\t<\/div>\n\t\t\t\t<div class=\"elementor-element elementor-element-6c6255f elementor-widget__width-inherit elementor-widget elementor-widget-text-editor\" data-id=\"6c6255f\" data-element_type=\"widget\" data-e-type=\"widget\" data-widget_type=\"text-editor.default\">\n\t\t\t\t<div class=\"elementor-widget-container\">\n\t\t\t\t\t\t\t\t\t<p>Wir glauben, dass es wichtig ist, bei Forschung, Entwicklung und Innovation an der Spitze zu stehen. Unsere Forschungs- und Entwicklungsabteilung verf\u00fcgt \u00fcber ein modernes Labor von \u00fcber 250 m2. Dieses Labor ist mit den neuesten Hightech-Entwicklungs- und Analyseger\u00e4ten ausgestattet. Hier f\u00fchren unsere Spezialisten theologische Tests durch, um zum Beispiel die Verarbeitungseigenschaften verschiedener Kunststoffe zu bestimmen. Sie arbeiten auch an Innovationen und der Verbesserung unserer bestehenden Produkte. M\u00f6chten Sie mehr dar\u00fcber erfahren, wie wir an der Spitze bleiben? <a href=\"https:\/\/staging.epifloors.com\/de\/forschung-und-entwicklung\/\">Lesen Sie mehr \u00fcber F&amp;E<\/a>.     <\/p>\t\t\t\t\t\t\t\t<\/div>\n\t\t\t\t<\/div>\n\t\t\t\t<\/div>\n\t\t\t\t\t<\/div>\n\t\t\t\t<\/div>\n\t\t<div class=\"elementor-element elementor-element-79f579f e-flex e-con-boxed e-con e-parent\" data-id=\"79f579f\" data-element_type=\"container\" data-e-type=\"container\" data-settings=\"{&quot;jet_parallax_layout_list&quot;:[]}\">\n\t\t\t\t\t<div class=\"e-con-inner\">\n\t\t\t\t<div class=\"elementor-element elementor-element-22802fe elementor-widget__width-initial elementor-widget-tablet__width-initial elementor-widget elementor-widget-image\" data-id=\"22802fe\" data-element_type=\"widget\" data-e-type=\"widget\" data-widget_type=\"image.default\">\n\t\t\t\t<div class=\"elementor-widget-container\">\n\t\t\t\t\t\t\t\t\t\t\t\t\t\t\t<img decoding=\"async\" width=\"980\" height=\"688\" src=\"https:\/\/staging.epifloors.com\/wp-content\/uploads\/2025\/05\/EPI-RD-verf.jpg\" class=\"attachment-full size-full wp-image-8262\" alt=\"EPI R&amp;D verf\" srcset=\"https:\/\/staging.epifloors.com\/wp-content\/uploads\/2025\/05\/EPI-RD-verf.jpg 980w, https:\/\/staging.epifloors.com\/wp-content\/uploads\/2025\/05\/EPI-RD-verf-300x211.jpg 300w, https:\/\/staging.epifloors.com\/wp-content\/uploads\/2025\/05\/EPI-RD-verf-768x539.jpg 768w\" sizes=\"(max-width: 980px) 100vw, 980px\" title=\"\">\t\t\t\t\t\t\t\t\t\t\t\t\t\t\t<\/div>\n\t\t\t\t<\/div>\n\t\t<div class=\"elementor-element elementor-element-fd8b1b4 e-con-full e-flex e-con e-child\" data-id=\"fd8b1b4\" data-element_type=\"container\" data-e-type=\"container\" data-settings=\"{&quot;jet_parallax_layout_list&quot;:[],&quot;background_background&quot;:&quot;classic&quot;}\">\n\t\t\t\t<div class=\"elementor-element elementor-element-87d7bcb elementor-widget__width-inherit elementor-widget elementor-widget-heading\" data-id=\"87d7bcb\" data-element_type=\"widget\" data-e-type=\"widget\" data-widget_type=\"heading.default\">\n\t\t\t\t<div class=\"elementor-widget-container\">\n\t\t\t\t\t<h2 class=\"elementor-heading-title elementor-size-default\">Unsere Systeme erf\u00fcllen stets alle geltenden Anforderungen und Normen\n<\/h2>\t\t\t\t<\/div>\n\t\t\t\t<\/div>\n\t\t\t\t<div class=\"elementor-element elementor-element-111f56d elementor-widget__width-inherit elementor-widget elementor-widget-text-editor\" data-id=\"111f56d\" data-element_type=\"widget\" data-e-type=\"widget\" data-widget_type=\"text-editor.default\">\n\t\t\t\t<div class=\"elementor-widget-container\">\n\t\t\t\t\t\t\t\t\t<p>Die Einhaltung der geltenden Richtlinien ist unser Anliegen. Wir m\u00f6chten nicht, dass unsere Kunden selbst herausfinden m\u00fcssen, ob unsere Systeme in \u00dcbereinstimmung mit den neuesten Standards entwickelt und geliefert wurden. EPI arbeitet nach einem Managementsystem in \u00dcbereinstimmung mit NEN-ISO 9001 und NEN-ISO 14001.    <a href=\"\/kwaliteit-en-certificering\/\">Lesen Sie hier alles dar\u00fcber, wie wir Qualit\u00e4t garantieren und welche Zertifizierungen wir haben.<\/a><\/p>\t\t\t\t\t\t\t\t<\/div>\n\t\t\t\t<\/div>\n\t\t\t\t<div class=\"elementor-element elementor-element-5c92e19 elementor-widget__width-inherit elementor-widget elementor-widget-heading\" data-id=\"5c92e19\" data-element_type=\"widget\" data-e-type=\"widget\" data-widget_type=\"heading.default\">\n\t\t\t\t<div class=\"elementor-widget-container\">\n\t\t\t\t\t<h2 class=\"elementor-heading-title elementor-size-default\">Wir machen die Auswahl einfacher\n<\/h2>\t\t\t\t<\/div>\n\t\t\t\t<\/div>\n\t\t\t\t<div class=\"elementor-element elementor-element-bdb7a5e elementor-widget__width-inherit elementor-widget elementor-widget-text-editor\" data-id=\"bdb7a5e\" data-element_type=\"widget\" data-e-type=\"widget\" data-widget_type=\"text-editor.default\">\n\t\t\t\t<div class=\"elementor-widget-container\">\n\t\t\t\t\t\t\t\t\t<p>Mist, Hopefull, Sand, Wildy; um Ihnen und Ihren Kunden die Wahl der richtigen Farbe noch einfacher zu machen, haben wir mehrere Farbthemen entwickelt. Alle Themen erz\u00e4hlen ihre eigene Geschichte und bieten eine inspirierende Orientierungshilfe bei der endg\u00fcltigen Farbauswahl. Immer mehr EPI-Kunden nutzen unser Trendbuch. Es liegt im Ausstellungsraum aus oder sie nehmen es mit zum Kunden. Die begleitenden Farbbrosch\u00fcren k\u00f6nnen dem Kunden mitgegeben werden. <a href=\"\/kleuren\/\">Sehen Sie sich hier alle Farben an<\/a> oder <a href=\"https:\/\/staging.epifloors.com\/wp-content\/uploads\/2025\/05\/EPI-Colour-Collection-experience-EPI-Colours.pdf\">laden Sie den Farbflyer herunter<\/a>.    <\/p>\t\t\t\t\t\t\t\t<\/div>\n\t\t\t\t<\/div>\n\t\t\t\t<\/div>\n\t\t\t\t\t<\/div>\n\t\t\t\t<\/div>\n\t\t<div class=\"elementor-element elementor-element-a53298f e-flex e-con-boxed e-con e-parent\" data-id=\"a53298f\" data-element_type=\"container\" data-e-type=\"container\" data-settings=\"{&quot;background_background&quot;:&quot;classic&quot;,&quot;jet_parallax_layout_list&quot;:[]}\">\n\t\t\t\t\t<div class=\"e-con-inner\">\n\t\t\t\t<div class=\"elementor-element elementor-element-19a7c09 no-line elementor-widget elementor-widget-heading\" data-id=\"19a7c09\" data-element_type=\"widget\" data-e-type=\"widget\" data-widget_type=\"heading.default\">\n\t\t\t\t<div class=\"elementor-widget-container\">\n\t\t\t\t\t<h2 class=\"elementor-heading-title elementor-size-default\">Sind Sie neugierig auf unsere Projekte?<\/h2>\t\t\t\t<\/div>\n\t\t\t\t<\/div>\n\t\t\t\t<div class=\"elementor-element elementor-element-1118835 elementor-widget elementor-widget-text-editor\" data-id=\"1118835\" data-element_type=\"widget\" data-e-type=\"widget\" data-widget_type=\"text-editor.default\">\n\t\t\t\t<div class=\"elementor-widget-container\">\n\t\t\t\t\t\t\t\t\t<p><a href=\"https:\/\/staging.epifloors.com\/de\/referenzen\/zuhause-in-der-betuwe-corestone-nature\/\">Siehe unsere Referenzen<\/a><\/p>\t\t\t\t\t\t\t\t<\/div>\n\t\t\t\t<\/div>\n\t\t\t\t\t<\/div>\n\t\t\t\t<\/div>\n\t\t\t\t<\/div>\n\t\t","protected":false},"excerpt":{"rendered":"<p>EPI ist unabh\u00e4ngig, stabil und kundenorientiert EPI ist ein unabh\u00e4ngiges niederl\u00e4ndisches Familienunternehmen und wir sind stolz darauf, bei allen Entscheidungen frei zu sein. Seit mehr als 30 Jahren arbeiten wir mit Herz und Seele an der Entwicklung und Gestaltung erstklassiger synthetischer Gussb\u00f6den. Diese Leidenschaft f\u00fchrt immer wieder zu sensationellen Produkten und sensationellen Projekten. Wir sind [&hellip;]<\/p>\n","protected":false},"author":1,"featured_media":7772,"parent":0,"menu_order":0,"comment_status":"closed","ping_status":"closed","template":"","meta":{"footnotes":""},"kleur-category":[],"vloer-category":[],"class_list":["post-7780","page","type-page","status-publish","has-post-thumbnail","hentry"],"_links":{"self":[{"href":"https:\/\/staging.epifloors.com\/de\/wp-json\/wp\/v2\/pages\/7780","targetHints":{"allow":["GET"]}}],"collection":[{"href":"https:\/\/staging.epifloors.com\/de\/wp-json\/wp\/v2\/pages"}],"about":[{"href":"https:\/\/staging.epifloors.com\/de\/wp-json\/wp\/v2\/types\/page"}],"author":[{"embeddable":true,"href":"https:\/\/staging.epifloors.com\/de\/wp-json\/wp\/v2\/users\/1"}],"replies":[{"embeddable":true,"href":"https:\/\/staging.epifloors.com\/de\/wp-json\/wp\/v2\/comments?post=7780"}],"version-history":[{"count":18,"href":"https:\/\/staging.epifloors.com\/de\/wp-json\/wp\/v2\/pages\/7780\/revisions"}],"predecessor-version":[{"id":13419,"href":"https:\/\/staging.epifloors.com\/de\/wp-json\/wp\/v2\/pages\/7780\/revisions\/13419"}],"wp:featuredmedia":[{"embeddable":true,"href":"https:\/\/staging.epifloors.com\/de\/wp-json\/wp\/v2\/media\/7772"}],"wp:attachment":[{"href":"https:\/\/staging.epifloors.com\/de\/wp-json\/wp\/v2\/media?parent=7780"}],"wp:term":[{"taxonomy":"kleur-category","embeddable":true,"href":"https:\/\/staging.epifloors.com\/de\/wp-json\/wp\/v2\/kleur-category?post=7780"},{"taxonomy":"vloer-category","embeddable":true,"href":"https:\/\/staging.epifloors.com\/de\/wp-json\/wp\/v2\/vloer-category?post=7780"}],"curies":[{"name":"wp","href":"https:\/\/api.w.org\/{rel}","templated":true}]}}